{"id":9941,"date":"2025-01-28T09:27:14","date_gmt":"2025-01-28T09:27:14","guid":{"rendered":"https:\/\/lukazajc.com\/heim\/"},"modified":"2025-02-04T21:01:02","modified_gmt":"2025-02-04T21:01:02","slug":"heim","status":"publish","type":"page","link":"https:\/\/lukazajc.com\/de\/","title":{"rendered":"Heim"},"content":{"rendered":"\t\t<div data-elementor-type=\"wp-page\" data-elementor-id=\"9941\" class=\"elementor elementor-9941 elementor-2444\" data-elementor-post-type=\"page\">\n\t\t\t\t\t\t<section class=\"elementor-section elementor-top-section elementor-element elementor-element-e9db647 elementor-section-full_width elementor-section-height-full elementor-section-content-middle dd-full-height elementor-section-height-default elementor-section-items-middle\" data-id=\"e9db647\" data-element_type=\"section\">\n\t\t\t\t\t\t<div class=\"elementor-container elementor-column-gap-no\">\n\t\t\t\t\t<div class=\"elementor-column elementor-col-50 elementor-top-column elementor-element elementor-element-5e64596\" data-id=\"5e64596\" data-element_type=\"column\" data-settings=\"{&quot;background_background&quot;:&quot;classic&quot;}\">\n\t\t\t<div class=\"elementor-widget-wrap elementor-element-populated\">\n\t\t\t\t\t\t<div class=\"elementor-element elementor-element-c0b2638 elementor-widget elementor-widget-spacer\" data-id=\"c0b2638\" data-element_type=\"widget\" data-widget_type=\"spacer.default\">\n\t\t\t\t<div class=\"elementor-widget-container\">\n\t\t\t\t\t\t\t<div class=\"elementor-spacer\">\n\t\t\t<div class=\"elementor-spacer-inner\"><\/div>\n\t\t<\/div>\n\t\t\t\t\t\t<\/div>\n\t\t\t\t<\/div>\n\t\t\t\t<div class=\"elementor-element elementor-element-c34f1c5 elementor-widget elementor-widget-heading\" data-id=\"c34f1c5\" data-element_type=\"widget\" data-widget_type=\"heading.default\">\n\t\t\t\t<div class=\"elementor-widget-container\">\n\t\t\t\t\t<h1 class=\"elementor-heading-title elementor-size-xxl\">ENTWURF<\/h1>\t\t\t\t<\/div>\n\t\t\t\t<\/div>\n\t\t\t\t<div class=\"elementor-element elementor-element-8dc1639 elementor-widget elementor-widget-text-editor\" data-id=\"8dc1639\" data-element_type=\"widget\" data-widget_type=\"text-editor.default\">\n\t\t\t\t<div class=\"elementor-widget-container\">\n\t\t\t\t\t\t\t\t\t<p>Funktional, designperfekt, modern und inspirierend.  <br \/>Projekte, die wir in den letzten Jahren durchgef\u00fchrt haben. Schauen Sie doch mal rein! <\/p>\n\t\t\t\t\t\t\t\t<\/div>\n\t\t\t\t<\/div>\n\t\t\t\t<div class=\"elementor-element elementor-element-b30740f elementor-align-center elementor-widget elementor-widget-button\" data-id=\"b30740f\" data-element_type=\"widget\" data-widget_type=\"button.default\">\n\t\t\t\t<div class=\"elementor-widget-container\">\n\t\t\t\t\t\t\t\t\t<div class=\"elementor-button-wrapper\">\n\t\t\t\t\t<a class=\"elementor-button elementor-button-link elementor-size-sm\" href=\"https:\/\/lukazajc.com\/de\/entwurf\/\">\n\t\t\t\t\t\t<span class=\"elementor-button-content-wrapper\">\n\t\t\t\t\t\t<span class=\"elementor-button-icon\">\n\t\t\t\t<i aria-hidden=\"true\" class=\" dt-icon-the7-arrow-35-2\"><\/i>\t\t\t<\/span>\n\t\t\t\t\t\t\t\t\t<span class=\"elementor-button-text\">Sehen Sie sich die Projekte an<\/span>\n\t\t\t\t\t<\/span>\n\t\t\t\t\t<\/a>\n\t\t\t\t<\/div>\n\t\t\t\t\t\t\t\t<\/div>\n\t\t\t\t<\/div>\n\t\t\t\t<div class=\"elementor-element elementor-element-0109334 elementor-widget elementor-widget-spacer\" data-id=\"0109334\" data-element_type=\"widget\" data-widget_type=\"spacer.default\">\n\t\t\t\t<div class=\"elementor-widget-container\">\n\t\t\t\t\t\t\t<div class=\"elementor-spacer\">\n\t\t\t<div class=\"elementor-spacer-inner\"><\/div>\n\t\t<\/div>\n\t\t\t\t\t\t<\/div>\n\t\t\t\t<\/div>\n\t\t\t\t\t<\/div>\n\t\t<\/div>\n\t\t\t\t<div class=\"elementor-column elementor-col-50 elementor-top-column elementor-element elementor-element-73aa558\" data-id=\"73aa558\" data-element_type=\"column\" data-settings=\"{&quot;background_background&quot;:&quot;classic&quot;}\">\n\t\t\t<div class=\"elementor-widget-wrap elementor-element-populated\">\n\t\t\t\t\t\t<div class=\"elementor-element elementor-element-478231c elementor-widget elementor-widget-spacer\" data-id=\"478231c\" data-element_type=\"widget\" data-widget_type=\"spacer.default\">\n\t\t\t\t<div class=\"elementor-widget-container\">\n\t\t\t\t\t\t\t<div class=\"elementor-spacer\">\n\t\t\t<div class=\"elementor-spacer-inner\"><\/div>\n\t\t<\/div>\n\t\t\t\t\t\t<\/div>\n\t\t\t\t<\/div>\n\t\t\t\t<div class=\"elementor-element elementor-element-93f2ec4 elementor-widget elementor-widget-heading\" data-id=\"93f2ec4\" data-element_type=\"widget\" data-widget_type=\"heading.default\">\n\t\t\t\t<div class=\"elementor-widget-container\">\n\t\t\t\t\t<h2 class=\"elementor-heading-title elementor-size-xxl\">PRODUKTE<\/h2>\t\t\t\t<\/div>\n\t\t\t\t<\/div>\n\t\t\t\t<div class=\"elementor-element elementor-element-47f41d8 elementor-widget elementor-widget-text-editor\" data-id=\"47f41d8\" data-element_type=\"widget\" data-widget_type=\"text-editor.default\">\n\t\t\t\t<div class=\"elementor-widget-container\">\n\t\t\t\t\t\t\t\t\t<p>Funktionelle, einzigartige und perfekt gestaltete Produkte sind das Ergebnis der Arbeit mehrerer Generationen. <span style=\"word-spacing: normal;\">Lernen Sie die Spira-Weihnachtsb\u00e4ume, Molly-St\u00fchle, Animal Kingdom-Kleiderb\u00fcgel und Stikke-St\u00e4nder kennen!<\/span><\/p>\n\t\t\t\t\t\t\t\t<\/div>\n\t\t\t\t<\/div>\n\t\t\t\t<div class=\"elementor-element elementor-element-7d3750e elementor-align-center elementor-widget elementor-widget-button\" data-id=\"7d3750e\" data-element_type=\"widget\" data-widget_type=\"button.default\">\n\t\t\t\t<div class=\"elementor-widget-container\">\n\t\t\t\t\t\t\t\t\t<div class=\"elementor-button-wrapper\">\n\t\t\t\t\t<a class=\"elementor-button elementor-button-link elementor-size-md\" href=\"https:\/\/lukazajc.com\/de\/produkte\/\">\n\t\t\t\t\t\t<span class=\"elementor-button-content-wrapper\">\n\t\t\t\t\t\t<span class=\"elementor-button-icon\">\n\t\t\t\t<i aria-hidden=\"true\" class=\" dt-icon-the7-arrow-35-2\"><\/i>\t\t\t<\/span>\n\t\t\t\t\t\t\t\t\t<span class=\"elementor-button-text\">Sehen Sie sich die Produkte an<\/span>\n\t\t\t\t\t<\/span>\n\t\t\t\t\t<\/a>\n\t\t\t\t<\/div>\n\t\t\t\t\t\t\t\t<\/div>\n\t\t\t\t<\/div>\n\t\t\t\t<div class=\"elementor-element elementor-element-6262bba elementor-widget elementor-widget-spacer\" data-id=\"6262bba\" data-element_type=\"widget\" data-widget_type=\"spacer.default\">\n\t\t\t\t<div class=\"elementor-widget-container\">\n\t\t\t\t\t\t\t<div class=\"elementor-spacer\">\n\t\t\t<div class=\"elementor-spacer-inner\"><\/div>\n\t\t<\/div>\n\t\t\t\t\t\t<\/div>\n\t\t\t\t<\/div>\n\t\t\t\t\t<\/div>\n\t\t<\/div>\n\t\t\t\t\t<\/div>\n\t\t<\/section>\n\t\t\t\t<\/div>\n\t\t","protected":false},"excerpt":{"rendered":"<p>ENTWURF Funktional, designperfekt, modern und inspirierend. Projekte, die wir in den letzten Jahren durchgef\u00fchrt haben. Schauen Sie doch mal rein! Sehen Sie sich die Projekte an PRODUKTE Funktionelle, einzigartige und perfekt gestaltete Produkte sind das Ergebnis der Arbeit mehrerer Generationen. Lernen Sie die Spira-Weihnachtsb\u00e4ume, Molly-St\u00fchle, Animal Kingdom-Kleiderb\u00fcgel und Stikke-St\u00e4nder kennen! Sehen Sie sich die Produkte&hellip;<\/p>\n","protected":false},"author":1,"featured_media":0,"parent":0,"menu_order":0,"comment_status":"closed","ping_status":"closed","template":"elementor_header_footer","meta":{"footnotes":""},"class_list":["post-9941","page","type-page","status-publish","hentry"],"yoast_head":"<!-- This site is optimized with the Yoast SEO plugin v26.8 - https:\/\/yoast.com\/product\/yoast-seo-wordpress\/ -->\n<title>Heim - Luka Zajc Design<\/title>\n<meta name=\"description\" content=\"Im Designstudio Luka Zajc entwerfen wir Produkte, Ausstellungsr\u00e4ume und Innenr\u00e4ume und setzen Ihre Ideen auf der Grundlage von Erfahrung, Wissen und Kreativit\u00e4t um. Wir bieten auch Laserschneiden an.\" \/>\n<meta name=\"robots\" content=\"index, follow, max-snippet:-1, max-image-preview:large, max-video-preview:-1\" \/>\n<link rel=\"canonical\" href=\"https:\/\/lukazajc.com\/de\/heim\/\" \/>\n<meta property=\"og:locale\" content=\"de_DE\" \/>\n<meta property=\"og:type\" content=\"article\" \/>\n<meta property=\"og:title\" content=\"Heim - Luka Zajc Design\" \/>\n<meta property=\"og:description\" content=\"Im Designstudio Luka Zajc entwerfen wir Produkte, Ausstellungsr\u00e4ume und Innenr\u00e4ume und setzen Ihre Ideen auf der Grundlage von Erfahrung, Wissen und Kreativit\u00e4t um. Wir bieten auch Laserschneiden an.\" \/>\n<meta property=\"og:url\" content=\"https:\/\/lukazajc.com\/de\/heim\/\" \/>\n<meta property=\"og:site_name\" content=\"Luka Zajc Design\" \/>\n<meta property=\"article:publisher\" content=\"https:\/\/www.facebook.com\/Luka-Zajc-Design-215115991922598\" \/>\n<meta property=\"article:modified_time\" content=\"2025-02-04T21:01:02+00:00\" \/>\n<meta property=\"og:image\" content=\"https:\/\/lukazajc.com\/wp-content\/uploads\/2020\/12\/LZD-logo_color_@2x.png\" \/>\n\t<meta property=\"og:image:width\" content=\"365\" \/>\n\t<meta property=\"og:image:height\" content=\"255\" \/>\n\t<meta property=\"og:image:type\" content=\"image\/png\" \/>\n<meta name=\"twitter:card\" content=\"summary_large_image\" \/>\n<script type=\"application\/ld+json\" class=\"yoast-schema-graph\">{\"@context\":\"https:\/\/schema.org\",\"@graph\":[{\"@type\":\"WebPage\",\"@id\":\"https:\/\/lukazajc.com\/de\/heim\/\",\"url\":\"https:\/\/lukazajc.com\/de\/heim\/\",\"name\":\"Heim - Luka Zajc Design\",\"isPartOf\":{\"@id\":\"https:\/\/lukazajc.com\/#website\"},\"datePublished\":\"2025-01-28T09:27:14+00:00\",\"dateModified\":\"2025-02-04T21:01:02+00:00\",\"description\":\"Im Designstudio Luka Zajc entwerfen wir Produkte, Ausstellungsr\u00e4ume und Innenr\u00e4ume und setzen Ihre Ideen auf der Grundlage von Erfahrung, Wissen und Kreativit\u00e4t um. Wir bieten auch Laserschneiden an.\",\"breadcrumb\":{\"@id\":\"https:\/\/lukazajc.com\/de\/heim\/#breadcrumb\"},\"inLanguage\":\"de\",\"potentialAction\":[{\"@type\":\"ReadAction\",\"target\":[\"https:\/\/lukazajc.com\/de\/heim\/\"]}]},{\"@type\":\"BreadcrumbList\",\"@id\":\"https:\/\/lukazajc.com\/de\/heim\/#breadcrumb\",\"itemListElement\":[{\"@type\":\"ListItem\",\"position\":1,\"name\":\"Home\",\"item\":\"https:\/\/lukazajc.com\/de\/heim\/\"},{\"@type\":\"ListItem\",\"position\":2,\"name\":\"Heim\"}]},{\"@type\":\"WebSite\",\"@id\":\"https:\/\/lukazajc.com\/#website\",\"url\":\"https:\/\/lukazajc.com\/\",\"name\":\"Luka Zajc Design\",\"description\":\"industrial design yachts #products spira \",\"publisher\":{\"@id\":\"https:\/\/lukazajc.com\/#organization\"},\"potentialAction\":[{\"@type\":\"SearchAction\",\"target\":{\"@type\":\"EntryPoint\",\"urlTemplate\":\"https:\/\/lukazajc.com\/?s={search_term_string}\"},\"query-input\":{\"@type\":\"PropertyValueSpecification\",\"valueRequired\":true,\"valueName\":\"search_term_string\"}}],\"inLanguage\":\"de\"},{\"@type\":\"Organization\",\"@id\":\"https:\/\/lukazajc.com\/#organization\",\"name\":\"ZAJC DESIGN d.o.o.\",\"url\":\"https:\/\/lukazajc.com\/\",\"logo\":{\"@type\":\"ImageObject\",\"inLanguage\":\"de\",\"@id\":\"https:\/\/lukazajc.com\/#\/schema\/logo\/image\/\",\"url\":\"https:\/\/lukazajc.com\/wp-content\/uploads\/2020\/12\/LZD-logo_color_@2x.png\",\"contentUrl\":\"https:\/\/lukazajc.com\/wp-content\/uploads\/2020\/12\/LZD-logo_color_@2x.png\",\"width\":365,\"height\":255,\"caption\":\"ZAJC DESIGN d.o.o.\"},\"image\":{\"@id\":\"https:\/\/lukazajc.com\/#\/schema\/logo\/image\/\"},\"sameAs\":[\"https:\/\/www.facebook.com\/Luka-Zajc-Design-215115991922598\",\"https:\/\/www.linkedin.com\/in\/luka-zajc-058b8a19\/?originalSubdomain=si\",\"https:\/\/www.pinterest.com\/lz_design\/_created\/\",\"https:\/\/www.youtube.com\/channel\/UCyne36hfwMxqoQlJ3MEytNw\"]}]}<\/script>\n<!-- \/ Yoast SEO plugin. -->","yoast_head_json":{"title":"Heim - Luka Zajc Design","description":"Im Designstudio Luka Zajc entwerfen wir Produkte, Ausstellungsr\u00e4ume und Innenr\u00e4ume und setzen Ihre Ideen auf der Grundlage von Erfahrung, Wissen und Kreativit\u00e4t um. Wir bieten auch Laserschneiden an.","robots":{"index":"index","follow":"follow","max-snippet":"max-snippet:-1","max-image-preview":"max-image-preview:large","max-video-preview":"max-video-preview:-1"},"canonical":"https:\/\/lukazajc.com\/de\/heim\/","og_locale":"de_DE","og_type":"article","og_title":"Heim - Luka Zajc Design","og_description":"Im Designstudio Luka Zajc entwerfen wir Produkte, Ausstellungsr\u00e4ume und Innenr\u00e4ume und setzen Ihre Ideen auf der Grundlage von Erfahrung, Wissen und Kreativit\u00e4t um. Wir bieten auch Laserschneiden an.","og_url":"https:\/\/lukazajc.com\/de\/heim\/","og_site_name":"Luka Zajc Design","article_publisher":"https:\/\/www.facebook.com\/Luka-Zajc-Design-215115991922598","article_modified_time":"2025-02-04T21:01:02+00:00","og_image":[{"width":365,"height":255,"url":"https:\/\/lukazajc.com\/wp-content\/uploads\/2020\/12\/LZD-logo_color_@2x.png","type":"image\/png"}],"twitter_card":"summary_large_image","schema":{"@context":"https:\/\/schema.org","@graph":[{"@type":"WebPage","@id":"https:\/\/lukazajc.com\/de\/heim\/","url":"https:\/\/lukazajc.com\/de\/heim\/","name":"Heim - Luka Zajc Design","isPartOf":{"@id":"https:\/\/lukazajc.com\/#website"},"datePublished":"2025-01-28T09:27:14+00:00","dateModified":"2025-02-04T21:01:02+00:00","description":"Im Designstudio Luka Zajc entwerfen wir Produkte, Ausstellungsr\u00e4ume und Innenr\u00e4ume und setzen Ihre Ideen auf der Grundlage von Erfahrung, Wissen und Kreativit\u00e4t um. Wir bieten auch Laserschneiden an.","breadcrumb":{"@id":"https:\/\/lukazajc.com\/de\/heim\/#breadcrumb"},"inLanguage":"de","potentialAction":[{"@type":"ReadAction","target":["https:\/\/lukazajc.com\/de\/heim\/"]}]},{"@type":"BreadcrumbList","@id":"https:\/\/lukazajc.com\/de\/heim\/#breadcrumb","itemListElement":[{"@type":"ListItem","position":1,"name":"Home","item":"https:\/\/lukazajc.com\/de\/heim\/"},{"@type":"ListItem","position":2,"name":"Heim"}]},{"@type":"WebSite","@id":"https:\/\/lukazajc.com\/#website","url":"https:\/\/lukazajc.com\/","name":"Luka Zajc Design","description":"industrial design yachts #products spira ","publisher":{"@id":"https:\/\/lukazajc.com\/#organization"},"potentialAction":[{"@type":"SearchAction","target":{"@type":"EntryPoint","urlTemplate":"https:\/\/lukazajc.com\/?s={search_term_string}"},"query-input":{"@type":"PropertyValueSpecification","valueRequired":true,"valueName":"search_term_string"}}],"inLanguage":"de"},{"@type":"Organization","@id":"https:\/\/lukazajc.com\/#organization","name":"ZAJC DESIGN d.o.o.","url":"https:\/\/lukazajc.com\/","logo":{"@type":"ImageObject","inLanguage":"de","@id":"https:\/\/lukazajc.com\/#\/schema\/logo\/image\/","url":"https:\/\/lukazajc.com\/wp-content\/uploads\/2020\/12\/LZD-logo_color_@2x.png","contentUrl":"https:\/\/lukazajc.com\/wp-content\/uploads\/2020\/12\/LZD-logo_color_@2x.png","width":365,"height":255,"caption":"ZAJC DESIGN d.o.o."},"image":{"@id":"https:\/\/lukazajc.com\/#\/schema\/logo\/image\/"},"sameAs":["https:\/\/www.facebook.com\/Luka-Zajc-Design-215115991922598","https:\/\/www.linkedin.com\/in\/luka-zajc-058b8a19\/?originalSubdomain=si","https:\/\/www.pinterest.com\/lz_design\/_created\/","https:\/\/www.youtube.com\/channel\/UCyne36hfwMxqoQlJ3MEytNw"]}]}},"_links":{"self":[{"href":"https:\/\/lukazajc.com\/de\/wp-json\/wp\/v2\/pages\/9941","targetHints":{"allow":["GET"]}}],"collection":[{"href":"https:\/\/lukazajc.com\/de\/wp-json\/wp\/v2\/pages"}],"about":[{"href":"https:\/\/lukazajc.com\/de\/wp-json\/wp\/v2\/types\/page"}],"author":[{"embeddable":true,"href":"https:\/\/lukazajc.com\/de\/wp-json\/wp\/v2\/users\/1"}],"replies":[{"embeddable":true,"href":"https:\/\/lukazajc.com\/de\/wp-json\/wp\/v2\/comments?post=9941"}],"version-history":[{"count":5,"href":"https:\/\/lukazajc.com\/de\/wp-json\/wp\/v2\/pages\/9941\/revisions"}],"predecessor-version":[{"id":12877,"href":"https:\/\/lukazajc.com\/de\/wp-json\/wp\/v2\/pages\/9941\/revisions\/12877"}],"wp:attachment":[{"href":"https:\/\/lukazajc.com\/de\/wp-json\/wp\/v2\/media?parent=9941"}],"curies":[{"name":"wp","href":"https:\/\/api.w.org\/{rel}","templated":true}]}}